{"id":6,"date":"2025-08-05T09:19:06","date_gmt":"2025-08-05T07:19:06","guid":{"rendered":"https:\/\/taxifuererding.de\/?page_id=6"},"modified":"2025-08-05T14:23:05","modified_gmt":"2025-08-05T12:23:05","slug":"about","status":"publish","type":"page","link":"https:\/\/taxifuererding.de\/?page_id=6","title":{"rendered":"\u00dcber Uns"},"content":{"rendered":"\n<h2 class=\"wp-block-heading\">\u00dcber Uns<\/h2>\n\n\n\n<p><\/p>\n\n\n\n<p class=\"has-text-align-center\"><strong>Taxi f\u00fcr Erding<\/strong> ist Ihr zuverl\u00e4ssiger Partner f\u00fcr sichere und komfortable Fahrten in Erding und Umgebung.<\/p>\n\n\n\n<p class=\"has-text-align-center\">Mit langj\u00e4hriger Erfahrung im Personen- und Kuriertransport stehen wir f\u00fcr P\u00fcnktlichkeit, Freundlichkeit und Flexibilit\u00e4t. Egal ob Stadtfahrten, Flughafentransfer, Krankenfahrten (alle Kassen), Sch\u00fclerbef\u00f6rderung oder Kurierdienste \u2013 wir bringen Sie stressfrei und sicher ans Ziel.<\/p>\n\n\n\n<p class=\"has-text-align-center\">Unsere Fahrzeuge sind modern, gepflegt und klimatisiert. Unsere Fahrer sind ortskundig, sprechen Deutsch und T\u00fcrkisch und legen gro\u00dfen Wert auf einen respektvollen und hilfsbereiten Umgang mit allen Fahrg\u00e4sten.<\/p>\n\n\n\n<p class=\"has-text-align-center\">Wir sind rund um die Uhr f\u00fcr Sie erreichbar \u2013 auch an Wochenenden und Feiertagen. Spontane Fahrten sind jederzeit m\u00f6glich.<\/p>\n\n\n\n<p class=\"has-text-align-center\"><strong>Taxi f\u00fcr Erding \u2013 lokal, zuverl\u00e4ssig und immer f\u00fcr Sie da.<\/strong><\/p>\n","protected":false},"excerpt":{"rendered":"<p>\u00dcber Uns Taxi f\u00fcr Erding ist Ihr zuverl\u00e4ssiger Partner f\u00fcr sichere und komfortable Fahrten in [&hellip;]<\/p>\n","protected":false},"author":1,"featured_media":0,"parent":0,"menu_order":0,"comment_status":"closed","ping_status":"closed","template":"full-width.php","meta":{"footnotes":""},"class_list":["post-6","page","type-page","status-publish","hentry"],"_links":{"self":[{"href":"https:\/\/taxifuererding.de\/index.php?rest_route=\/wp\/v2\/pages\/6","targetHints":{"allow":["GET"]}}],"collection":[{"href":"https:\/\/taxifuererding.de\/index.php?rest_route=\/wp\/v2\/pages"}],"about":[{"href":"https:\/\/taxifuererding.de\/index.php?rest_route=\/wp\/v2\/types\/page"}],"author":[{"embeddable":true,"href":"https:\/\/taxifuererding.de\/index.php?rest_route=\/wp\/v2\/users\/1"}],"replies":[{"embeddable":true,"href":"https:\/\/taxifuererding.de\/index.php?rest_route=%2Fwp%2Fv2%2Fcomments&post=6"}],"version-history":[{"count":3,"href":"https:\/\/taxifuererding.de\/index.php?rest_route=\/wp\/v2\/pages\/6\/revisions"}],"predecessor-version":[{"id":56,"href":"https:\/\/taxifuererding.de\/index.php?rest_route=\/wp\/v2\/pages\/6\/revisions\/56"}],"wp:attachment":[{"href":"https:\/\/taxifuererding.de\/index.php?rest_route=%2Fwp%2Fv2%2Fmedia&parent=6"}],"curies":[{"name":"wp","href":"https:\/\/api.w.org\/{rel}","templated":true}]}}